{"id":2318,"date":"2026-03-24T11:24:39","date_gmt":"2026-03-24T09:24:39","guid":{"rendered":"https:\/\/www.caneri.de\/homepage\/?page_id=2318"},"modified":"2026-03-30T11:28:38","modified_gmt":"2026-03-30T10:28:38","slug":"methoden","status":"publish","type":"page","link":"https:\/\/www.caneri.de\/homepage\/methoden\/","title":{"rendered":"Methoden"},"content":{"rendered":"\t\t<div data-elementor-type=\"wp-page\" data-elementor-id=\"2318\" class=\"elementor elementor-2318\" data-elementor-post-type=\"page\">\n\t\t\t\t\t\t<section class=\"elementor-section elementor-top-section elementor-element elementor-element-f6ad499 elementor-section-height-min-height elementor-section-boxed elementor-section-height-default elementor-section-items-middle\" data-id=\"f6ad499\" data-element_type=\"section\" data-e-type=\"section\">\n\t\t\t\t\t\t<div class=\"elementor-container elementor-column-gap-extended\">\n\t\t\t\t\t<div class=\"elementor-column elementor-col-100 elementor-top-column elementor-element elementor-element-f00459a\" data-id=\"f00459a\" data-element_type=\"column\" data-e-type=\"column\">\n\t\t\t<div class=\"elementor-widget-wrap elementor-element-populated\">\n\t\t\t\t\t\t<div class=\"elementor-element elementor-element-f19fbfe elementor-widget elementor-widget-heading\" data-id=\"f19fbfe\" data-element_type=\"widget\" data-e-type=\"widget\" data-widget_type=\"heading.default\">\n\t\t\t\t\t<h4 class=\"elementor-heading-title elementor-size-default\">Methoden<\/h4>\t\t\t\t<\/div>\n\t\t\t\t<div class=\"elementor-element elementor-element-2e32185 elementor-widget elementor-widget-heading\" data-id=\"2e32185\" data-element_type=\"widget\" data-e-type=\"widget\" data-widget_type=\"heading.default\">\n\t\t\t\t\t<h1 class=\"elementor-heading-title elementor-size-default\">Schmerz hat eine ursache<\/h1>\t\t\t\t<\/div>\n\t\t\t\t<div class=\"elementor-element elementor-element-cafd822 elementor-widget elementor-widget-text-editor\" data-id=\"cafd822\" data-element_type=\"widget\" data-e-type=\"widget\" data-widget_type=\"text-editor.default\">\n\t\t\t\t\t\t\t\t\t<p>Chronische Beschwerden entstehen selten zuf\u00e4llig.<br data-start=\"1124\" data-end=\"1127\" \/>Oft sind es Belastungen, Stress oder ung\u00fcnstige Bewegungsmuster, die sich \u00fcber Jahre entwickeln.<\/p><p>Ich behandle nicht nur den Schmerz. Sondern das System, das ihn erzeugt.<\/p>\t\t\t\t\t\t\t\t<\/div>\n\t\t\t\t\t<\/div>\n\t\t<\/div>\n\t\t\t\t\t<\/div>\n\t\t<\/section>\n\t\t\t\t<section class=\"elementor-section elementor-top-section elementor-element elementor-element-8032182 elementor-section-boxed elementor-section-height-default elementor-section-height-default\" data-id=\"8032182\" data-element_type=\"section\" data-e-type=\"section\">\n\t\t\t\t\t\t<div class=\"elementor-container elementor-column-gap-extended\">\n\t\t\t\t\t<div class=\"elementor-column elementor-col-100 elementor-top-column elementor-element elementor-element-fb882f2\" data-id=\"fb882f2\" data-element_type=\"column\" data-e-type=\"column\">\n\t\t\t<div class=\"elementor-widget-wrap elementor-element-populated\">\n\t\t\t\t<div class=\"elementor-element elementor-element-9e3c8f1 e-con-full e-flex e-con e-parent\" data-id=\"9e3c8f1\" data-element_type=\"container\" data-e-type=\"container\">\n\t\t<div class=\"elementor-element elementor-element-60abace e-con-full e-flex e-con e-child\" data-id=\"60abace\" data-element_type=\"container\" data-e-type=\"container\">\n\t\t\t\t<\/div>\n\t\t<div class=\"elementor-element elementor-element-779d6ea e-con-full e-flex e-con e-child\" data-id=\"779d6ea\" data-element_type=\"container\" data-e-type=\"container\">\n\t\t\t\t<\/div>\n\t\t\t\t<\/div>\n\t\t<div class=\"elementor-element elementor-element-1b01584 e-con-full e-flex e-con e-parent\" data-id=\"1b01584\" data-element_type=\"container\" data-e-type=\"container\">\n\t\t<div class=\"elementor-element elementor-element-1731c40 e-con-full e-flex e-con e-child\" data-id=\"1731c40\" data-element_type=\"container\" data-e-type=\"container\">\n\t\t\t\t<\/div>\n\t\t<div class=\"elementor-element elementor-element-cd2aed3 e-con-full e-flex e-con e-child\" data-id=\"cd2aed3\" data-element_type=\"container\" data-e-type=\"container\">\n\t\t\t\t<\/div>\n\t\t\t\t<\/div>\n\t\t\t\t\t<\/div>\n\t\t<\/div>\n\t\t\t\t\t<\/div>\n\t\t<\/section>\n\t\t<div class=\"elementor-element elementor-element-341a8db e-flex e-con-boxed e-con e-parent\" data-id=\"341a8db\" data-element_type=\"container\" data-e-type=\"container\">\n\t\t\t\t\t<div class=\"e-con-inner\">\n\t\t\t\t<div class=\"elementor-element elementor-element-59af7d9 elementor-widget elementor-widget-text-editor\" data-id=\"59af7d9\" data-element_type=\"widget\" data-e-type=\"widget\" data-widget_type=\"text-editor.default\">\n\t\t\t\t\t\t\t\t\t<p><em>\u201cSchmerz ist eine Information\u201d<\/em><\/p>\t\t\t\t\t\t\t\t<\/div>\n\t\t\t\t\t<\/div>\n\t\t\t\t<\/div>\n\t\t<div class=\"elementor-element elementor-element-f888969 e-flex e-con-boxed e-con e-parent\" data-id=\"f888969\" data-element_type=\"container\" data-e-type=\"container\">\n\t\t\t\t\t<div class=\"e-con-inner\">\n\t\t\t\t<div class=\"elementor-element elementor-element-40cc267 elementor-widget elementor-widget-image\" data-id=\"40cc267\" data-element_type=\"widget\" data-e-type=\"widget\" data-widget_type=\"image.default\">\n\t\t\t\t\t\t\t\t\t\t\t\t\t\t\t<img decoding=\"async\" src=\"http:\/\/www.caneri.de\/wp-content\/uploads\/2026\/03\/Bildschirmfoto-2026-03-23-um-21.08.31-1.png\" title=\"\" alt=\"\" loading=\"lazy\" \/>\t\t\t\t\t\t\t\t\t\t\t\t\t\t\t<\/div>\n\t\t\t\t<div class=\"elementor-element elementor-element-c1cedf1 elementor-widget elementor-widget-image\" data-id=\"c1cedf1\" data-element_type=\"widget\" data-e-type=\"widget\" data-widget_type=\"image.default\">\n\t\t\t\t\t\t\t\t\t\t\t\t\t\t\t<img fetchpriority=\"high\" decoding=\"async\" width=\"1024\" height=\"683\" src=\"https:\/\/www.caneri.de\/wp-content\/uploads\/2026\/03\/selective-focus-of-doctor-touching-middle-aged-pat-2026-01-09-12-24-43-utc-1-1024x683.jpg\" class=\"attachment-large size-large wp-image-2180\" alt=\"\" srcset=\"https:\/\/www.caneri.de\/wp-content\/uploads\/2026\/03\/selective-focus-of-doctor-touching-middle-aged-pat-2026-01-09-12-24-43-utc-1-1024x683.jpg 1024w, https:\/\/www.caneri.de\/wp-content\/uploads\/2026\/03\/selective-focus-of-doctor-touching-middle-aged-pat-2026-01-09-12-24-43-utc-1-300x200.jpg 300w, https:\/\/www.caneri.de\/wp-content\/uploads\/2026\/03\/selective-focus-of-doctor-touching-middle-aged-pat-2026-01-09-12-24-43-utc-1-768x513.jpg 768w, https:\/\/www.caneri.de\/wp-content\/uploads\/2026\/03\/selective-focus-of-doctor-touching-middle-aged-pat-2026-01-09-12-24-43-utc-1-1536x1025.jpg 1536w, https:\/\/www.caneri.de\/wp-content\/uploads\/2026\/03\/selective-focus-of-doctor-touching-middle-aged-pat-2026-01-09-12-24-43-utc-1-400x268.jpg 400w, https:\/\/www.caneri.de\/wp-content\/uploads\/2026\/03\/selective-focus-of-doctor-touching-middle-aged-pat-2026-01-09-12-24-43-utc-1-1120x747.jpg 1120w\" sizes=\"(max-width: 1024px) 100vw, 1024px\" \/>\t\t\t\t\t\t\t\t\t\t\t\t\t\t\t<\/div>\n\t\t\t\t\t<\/div>\n\t\t\t\t<\/div>\n\t\t\t\t<\/div>\n\t\t","protected":false},"excerpt":{"rendered":"<p>Methoden Schmerz hat eine ursache Chronische Beschwerden entstehen selten zuf\u00e4llig.Oft sind es Belastungen, Stress oder ung\u00fcnstige Bewegungsmuster, die sich \u00fcber Jahre entwickeln. Ich behandle [&hellip;]<\/p>\n","protected":false},"author":1,"featured_media":0,"parent":0,"menu_order":0,"comment_status":"closed","ping_status":"closed","template":"page-custom.php","meta":{"_monsterinsights_skip_tracking":false,"_monsterinsights_sitenote_active":false,"_monsterinsights_sitenote_note":"","_monsterinsights_sitenote_category":0,"footnotes":""},"class_list":["post-2318","page","type-page","status-publish","hentry"],"aioseo_notices":[],"_links":{"self":[{"href":"https:\/\/www.caneri.de\/homepage\/wp-json\/wp\/v2\/pages\/2318","targetHints":{"allow":["GET"]}}],"collection":[{"href":"https:\/\/www.caneri.de\/homepage\/wp-json\/wp\/v2\/pages"}],"about":[{"href":"https:\/\/www.caneri.de\/homepage\/wp-json\/wp\/v2\/types\/page"}],"author":[{"embeddable":true,"href":"https:\/\/www.caneri.de\/homepage\/wp-json\/wp\/v2\/users\/1"}],"replies":[{"embeddable":true,"href":"https:\/\/www.caneri.de\/homepage\/wp-json\/wp\/v2\/comments?post=2318"}],"version-history":[{"count":11,"href":"https:\/\/www.caneri.de\/homepage\/wp-json\/wp\/v2\/pages\/2318\/revisions"}],"predecessor-version":[{"id":2542,"href":"https:\/\/www.caneri.de\/homepage\/wp-json\/wp\/v2\/pages\/2318\/revisions\/2542"}],"wp:attachment":[{"href":"https:\/\/www.caneri.de\/homepage\/wp-json\/wp\/v2\/media?parent=2318"}],"curies":[{"name":"wp","href":"https:\/\/api.w.org\/{rel}","templated":true}]}}